{"id":3411,"date":"2025-08-21T10:44:11","date_gmt":"2025-08-21T10:44:11","guid":{"rendered":"https:\/\/tapiceriatarraco.com\/?page_id=3411"},"modified":"2025-11-01T19:46:16","modified_gmt":"2025-11-01T19:46:16","slug":"contact-us","status":"publish","type":"page","link":"https:\/\/tapiceriatarraco.com\/es\/contact-us\/","title":{"rendered":"CONT\u00c1CTANOS"},"content":{"rendered":"<div data-elementor-type=\"wp-page\" data-elementor-id=\"3411\" class=\"elementor elementor-3411\">\n\t\t\t\t<div class=\"elementor-element elementor-element-b00ab5d e-flex e-con-boxed e-con e-parent\" data-id=\"b00ab5d\" data-element_type=\"container\" data-e-type=\"container\">\n\t\t\t\t\t<div class=\"e-con-inner\">\n\t\t\t\t<div class=\"elementor-element elementor-element-4f13025 elementor-widget elementor-widget-heading\" data-id=\"4f13025\" data-element_type=\"widget\" data-e-type=\"widget\" data-widget_type=\"heading.default\">\n\t\t\t\t\t<h2 class=\"elementor-heading-title elementor-size-default\">Cont\u00e1ctanos<\/h2>\t\t\t\t<\/div>\n\t\t\t\t\t<\/div>\n\t\t\t\t<\/div>\n\t\t<div class=\"elementor-element elementor-element-6f2add3 e-flex e-con-boxed e-con e-parent\" data-id=\"6f2add3\" data-element_type=\"container\" data-e-type=\"container\">\n\t\t\t\t\t<div class=\"e-con-inner\">\n\t\t\t\t<div class=\"elementor-element elementor-element-8012691 elementor-widget elementor-widget-image\" data-id=\"8012691\" data-element_type=\"widget\" data-e-type=\"widget\" data-widget_type=\"image.default\">\n\t\t\t\t\t\t\t\t\t\t\t\t\t\t\t<img fetchpriority=\"high\" decoding=\"async\" width=\"1200\" height=\"325\" src=\"https:\/\/tapiceriatarraco.com\/wp-content\/uploads\/2025\/08\/ordenador-contact-us.jpg\" class=\"attachment-full size-full wp-image-3413\" alt=\"\" srcset=\"https:\/\/tapiceriatarraco.com\/wp-content\/uploads\/2025\/08\/ordenador-contact-us.jpg 1200w, https:\/\/tapiceriatarraco.com\/wp-content\/uploads\/2025\/08\/ordenador-contact-us-300x81.jpg 300w, https:\/\/tapiceriatarraco.com\/wp-content\/uploads\/2025\/08\/ordenador-contact-us-1024x277.jpg 1024w, https:\/\/tapiceriatarraco.com\/wp-content\/uploads\/2025\/08\/ordenador-contact-us-768x208.jpg 768w\" sizes=\"(max-width: 1200px) 100vw, 1200px\" \/>\t\t\t\t\t\t\t\t\t\t\t\t\t\t\t<\/div>\n\t\t\t\t\t<\/div>\n\t\t\t\t<\/div>\n\t\t<div class=\"elementor-element elementor-element-d1456ec e-flex e-con-boxed e-con e-parent\" data-id=\"d1456ec\" data-element_type=\"container\" data-e-type=\"container\">\n\t\t\t\t\t<div class=\"e-con-inner\">\n\t\t\t\t<div class=\"elementor-element elementor-element-55e3ec6 elementor-widget-divider--view-line_icon elementor-view-default elementor-widget-divider--element-align-center elementor-widget elementor-widget-divider\" data-id=\"55e3ec6\" data-element_type=\"widget\" data-e-type=\"widget\" data-widget_type=\"divider.default\">\n\t\t\t\t\t\t\t<div class=\"elementor-divider\">\n\t\t\t<span class=\"elementor-divider-separator\">\n\t\t\t\t\t\t\t<div class=\"elementor-icon elementor-divider__element\">\n\t\t\t\t\t<svg aria-hidden=\"true\" class=\"e-font-icon-svg e-fas-caret-down\" viewbox=\"0 0 320 512\" xmlns=\"http:\/\/www.w3.org\/2000\/svg\"><path d=\"M31.3 192h257.3c17.8 0 26.7 21.5 14.1 34.1L174.1 354.8c-7.8 7.8-20.5 7.8-28.3 0L17.2 226.1C4.6 213.5 13.5 192 31.3 192z\"><\/path><\/svg><\/div>\n\t\t\t\t\t\t<\/span>\n\t\t<\/div>\n\t\t\t\t\t\t<\/div>\n\t\t\t\t\t<\/div>\n\t\t\t\t<\/div>\n\t\t<div class=\"elementor-element elementor-element-94d93d4 e-flex e-con-boxed e-con e-parent\" data-id=\"94d93d4\" data-element_type=\"container\" data-e-type=\"container\">\n\t\t\t\t\t<div class=\"e-con-inner\">\n\t\t<div class=\"elementor-element elementor-element-a080975 e-grid e-con-full e-con e-child\" data-id=\"a080975\" data-element_type=\"container\" data-e-type=\"container\">\n\t\t\t\t<div class=\"elementor-element elementor-element-c5b14de elementor-widget elementor-widget-text-editor\" data-id=\"c5b14de\" data-element_type=\"widget\" data-e-type=\"widget\" data-widget_type=\"text-editor.default\">\n\t\t\t\t\t\t\t\t\t<div class=\"wp-block-uagb-info-box uagb-block-eafb4586 uagb-infobox__content-wrap uagb-infobox-icon-above-title uagb-infobox-image-valign-top wp-block-uagb-info-box--has-margin\"><div class=\"uagb-infobox-margin-wrapper\"><div class=\"uagb-ifb-content\"><div class=\"uagb-ifb-title-wrap\"><h2 class=\"uagb-ifb-title\">Habla con nosotros<\/h2><\/div><p class=\"uagb-ifb-desc\">Para compartir los detalles de un proyecto o solicitar m\u00e1s informaci\u00f3n, puede contactarnos mediante este formulario o por tel\u00e9fono. Estaremos encantados de escucharle y explorar c\u00f3mo podemos colaborar.<\/p><p class=\"uagb-ifb-desc\">\u00a0<\/p><\/div><\/div><\/div><div class=\"wp-block-uagb-info-box uagb-block-56dc4363 uagb-infobox__content-wrap uagb-infobox-icon-left uagb-infobox-left uagb-infobox-image-valign-middle wp-block-uagb-info-box--has-margin\"><div class=\"uagb-infobox-margin-wrapper\"><div class=\"uagb-ifb-content\"><div class=\"uagb-ifb-title-wrap\"><h4 class=\"uagb-ifb-title\">+34 977 896 489<\/h4><\/div><\/div><\/div><\/div><div class=\"wp-block-uagb-info-box uagb-block-8588f078 uagb-infobox__content-wrap uagb-infobox-icon-left uagb-infobox-left uagb-infobox-image-valign-middle\"><div class=\"uagb-ifb-content\"><div class=\"uagb-ifb-title-wrap\"><h4 class=\"uagb-ifb-title\">9:00h &#8211; 15:30h<\/h4><\/div><\/div><\/div>\t\t\t\t\t\t\t\t<\/div>\n\t\t\t\t<div class=\"elementor-element elementor-element-7d70fde elementor-widget elementor-widget-wpforms\" data-id=\"7d70fde\" data-element_type=\"widget\" data-e-type=\"widget\" data-widget_type=\"wpforms.default\">\n\t\t\t\t<div class=\"elementor-widget-container\">\n\t\t\t\t\t<div class=\"wpforms-container\" id=\"wpforms-4\"><form id=\"wpforms-form-4\" class=\"wpforms-validate wpforms-form\" data-formid=\"4\" method=\"post\" enctype=\"multipart\/form-data\" action=\"\/es\/wp-json\/wp\/v2\/pages\/3411\" data-token=\"90fca6642aa3be8cfaeae1f06de7a4dd\" data-token-time=\"1777779055\" data-trp-original-action=\"\/es\/wp-json\/wp\/v2\/pages\/3411\"><noscript class=\"wpforms-error-noscript\">Por favor, activa JavaScript en tu navegador para completar este formulario.<\/noscript><div class=\"wpforms-field-container\"><div id=\"wpforms-4-field_1-container\" class=\"wpforms-field wpforms-field-name\" data-field-id=\"1\"><label class=\"wpforms-field-label wpforms-label-hide\" for=\"wpforms-4-field_1\">Name <span class=\"wpforms-required-label\">*<\/span><\/label><input type=\"text\" id=\"wpforms-4-field_1\" class=\"wpforms-field-large wpforms-field-required\" name=\"wpforms[fields][1]\" placeholder=\"Su nombre\" required><\/div><div id=\"wpforms-4-field_2-container\" class=\"wpforms-field wpforms-field-email\" data-field-id=\"2\"><label class=\"wpforms-field-label wpforms-label-hide\" for=\"wpforms-4-field_2\">Email <span class=\"wpforms-required-label\">*<\/span><\/label><input type=\"email\" id=\"wpforms-4-field_2\" class=\"wpforms-field-large wpforms-field-required\" name=\"wpforms[fields][2]\" placeholder=\"email\" spellcheck=\"false\" required><\/div><div id=\"wpforms-4-field_3-container\" class=\"wpforms-field wpforms-field-number\" data-field-id=\"3\"><label class=\"wpforms-field-label wpforms-label-hide\" for=\"wpforms-4-field_3\">Numbers<\/label><input type=\"number\" id=\"wpforms-4-field_3\" class=\"wpforms-field-large\" name=\"wpforms[fields][3]\" placeholder=\"n\u00famero tel\u00e9fono\" step=\"any\" ><\/div><div id=\"wpforms-4-field_4-container\" class=\"wpforms-field wpforms-field-textarea\" data-field-id=\"4\"><label class=\"wpforms-field-label wpforms-label-hide\" for=\"wpforms-4-field_4\">Paragraph Text <span class=\"wpforms-required-label\">*<\/span><\/label><textarea id=\"wpforms-4-field_4\" class=\"wpforms-field-medium wpforms-field-required\" name=\"wpforms[fields][4]\" placeholder=\"Cu\u00e9ntenos\" required><\/textarea><\/div><\/div><!-- .wpforms-field-container --><div class=\"wpforms-submit-container\" ><input type=\"hidden\" name=\"wpforms[id]\" value=\"4\"><input type=\"hidden\" name=\"page_title\" value=\"\"><input type=\"hidden\" name=\"page_url\" value=\"https:\/\/tapiceriatarraco.com\/es\/wp-json\/wp\/v2\/pages\/3411\"><input type=\"hidden\" name=\"url_referer\" value=\"\"><button type=\"submit\" name=\"wpforms[submit]\" id=\"wpforms-submit-4\" class=\"wpforms-submit\" data-alt-text=\"Sending...\" data-submit-text=\"Contact us\" aria-live=\"assertive\" value=\"wpforms-submit\">Cont\u00e1ctanos<\/button><\/div><input type=\"hidden\" name=\"trp-form-language\" value=\"es\"\/><\/form><\/div>  <!-- .wpforms-container -->\t\t\t\t<\/div>\n\t\t\t\t<\/div>\n\t\t\t\t<\/div>\n\t\t\t\t\t<\/div>\n\t\t\t\t<\/div>\n\t\t<div class=\"elementor-element elementor-element-65a4d8a e-flex e-con-boxed e-con e-parent\" data-id=\"65a4d8a\" data-element_type=\"container\" data-e-type=\"container\">\n\t\t\t\t\t<div class=\"e-con-inner\">\n\t\t\t\t<div class=\"elementor-element elementor-element-f1bf9a0 elementor-widget elementor-widget-google_maps\" data-id=\"f1bf9a0\" data-element_type=\"widget\" data-e-type=\"widget\" data-widget_type=\"google_maps.default\">\n\t\t\t\t\t\t\t<div class=\"elementor-custom-embed\">\n\t\t\t<iframe loading=\"lazy\"\n\t\t\t\t\tsrc=\"https:\/\/maps.google.com\/maps?q=Carrer%20del%20Granit%2C%2013%2C%20nave%2036%2C%2043006%20Tarragona&#038;t=m&#038;z=12&#038;output=embed&#038;iwloc=near\"\n\t\t\t\t\ttitle=\"Carrer del Granit, 13, nave 36, 43006 Tarragona\"\n\t\t\t\t\taria-label=\"Carrer del Granit, 13, nave 36, 43006 Tarragona\"\n\t\t\t><\/iframe>\n\t\t<\/div>\n\t\t\t\t\t\t<\/div>\n\t\t\t\t\t<\/div>\n\t\t\t\t<\/div>\n\t\t<div class=\"elementor-element elementor-element-ef32bea e-flex e-con-boxed e-con e-parent\" data-id=\"ef32bea\" data-element_type=\"container\" data-e-type=\"container\">\n\t\t\t\t\t<div class=\"e-con-inner\">\n\t\t<div class=\"elementor-element elementor-element-7dee6b4 e-con-full e-flex e-con e-child\" data-id=\"7dee6b4\" data-element_type=\"container\" data-e-type=\"container\">\n\t\t<div class=\"elementor-element elementor-element-c344d71 e-grid e-con-full e-con e-child\" data-id=\"c344d71\" data-element_type=\"container\" data-e-type=\"container\">\n\t\t\t\t<div class=\"elementor-element elementor-element-9ae0564 elementor-widget elementor-widget-image\" data-id=\"9ae0564\" data-element_type=\"widget\" data-e-type=\"widget\" data-widget_type=\"image.default\">\n\t\t\t\t\t\t\t\t\t\t\t\t\t\t\t<img decoding=\"async\" width=\"1024\" height=\"282\" src=\"https:\/\/tapiceriatarraco.com\/wp-content\/uploads\/2025\/10\/nsp-1024x282.jpg\" class=\"attachment-large size-large wp-image-3533\" alt=\"\" srcset=\"https:\/\/tapiceriatarraco.com\/wp-content\/uploads\/2025\/10\/nsp-1024x282.jpg 1024w, https:\/\/tapiceriatarraco.com\/wp-content\/uploads\/2025\/10\/nsp-300x83.jpg 300w, https:\/\/tapiceriatarraco.com\/wp-content\/uploads\/2025\/10\/nsp-768x211.jpg 768w, https:\/\/tapiceriatarraco.com\/wp-content\/uploads\/2025\/10\/nsp-1536x422.jpg 1536w, https:\/\/tapiceriatarraco.com\/wp-content\/uploads\/2025\/10\/nsp-18x5.jpg 18w, https:\/\/tapiceriatarraco.com\/wp-content\/uploads\/2025\/10\/nsp.jpg 1600w\" sizes=\"(max-width: 1024px) 100vw, 1024px\" \/>\t\t\t\t\t\t\t\t\t\t\t\t\t\t\t<\/div>\n\t\t\t\t<div class=\"elementor-element elementor-element-1ea7e08 elementor-widget elementor-widget-image\" data-id=\"1ea7e08\" data-element_type=\"widget\" data-e-type=\"widget\" data-widget_type=\"image.default\">\n\t\t\t\t\t\t\t\t\t\t\t\t\t\t\t<img decoding=\"async\" width=\"785\" height=\"215\" src=\"https:\/\/tapiceriatarraco.com\/wp-content\/uploads\/2025\/10\/north-star.jpg\" class=\"attachment-large size-large wp-image-3532\" alt=\"\" srcset=\"https:\/\/tapiceriatarraco.com\/wp-content\/uploads\/2025\/10\/north-star.jpg 785w, https:\/\/tapiceriatarraco.com\/wp-content\/uploads\/2025\/10\/north-star-300x82.jpg 300w, https:\/\/tapiceriatarraco.com\/wp-content\/uploads\/2025\/10\/north-star-768x210.jpg 768w, https:\/\/tapiceriatarraco.com\/wp-content\/uploads\/2025\/10\/north-star-18x5.jpg 18w\" sizes=\"(max-width: 785px) 100vw, 785px\" \/>\t\t\t\t\t\t\t\t\t\t\t\t\t\t\t<\/div>\n\t\t\t\t<div class=\"elementor-element elementor-element-8800c81 elementor-widget elementor-widget-image\" data-id=\"8800c81\" data-element_type=\"widget\" data-e-type=\"widget\" data-widget_type=\"image.default\">\n\t\t\t\t\t\t\t\t\t\t\t\t\t\t\t<img loading=\"lazy\" decoding=\"async\" width=\"1024\" height=\"272\" src=\"https:\/\/tapiceriatarraco.com\/wp-content\/uploads\/2025\/10\/invicta-1024x272.jpg\" class=\"attachment-large size-large wp-image-3531\" alt=\"\" srcset=\"https:\/\/tapiceriatarraco.com\/wp-content\/uploads\/2025\/10\/invicta-1024x272.jpg 1024w, https:\/\/tapiceriatarraco.com\/wp-content\/uploads\/2025\/10\/invicta-300x80.jpg 300w, https:\/\/tapiceriatarraco.com\/wp-content\/uploads\/2025\/10\/invicta-768x204.jpg 768w, https:\/\/tapiceriatarraco.com\/wp-content\/uploads\/2025\/10\/invicta-1536x408.jpg 1536w, https:\/\/tapiceriatarraco.com\/wp-content\/uploads\/2025\/10\/invicta-18x5.jpg 18w, https:\/\/tapiceriatarraco.com\/wp-content\/uploads\/2025\/10\/invicta.jpg 1600w\" sizes=\"(max-width: 1024px) 100vw, 1024px\" \/>\t\t\t\t\t\t\t\t\t\t\t\t\t\t\t<\/div>\n\t\t\t\t<div class=\"elementor-element elementor-element-e994f2f elementor-widget elementor-widget-image\" data-id=\"e994f2f\" data-element_type=\"widget\" data-e-type=\"widget\" data-widget_type=\"image.default\">\n\t\t\t\t\t\t\t\t\t\t\t\t\t\t\t<img loading=\"lazy\" decoding=\"async\" width=\"883\" height=\"220\" src=\"https:\/\/tapiceriatarraco.com\/wp-content\/uploads\/2025\/10\/flight.png\" class=\"attachment-large size-large wp-image-3530\" alt=\"\" srcset=\"https:\/\/tapiceriatarraco.com\/wp-content\/uploads\/2025\/10\/flight.png 883w, https:\/\/tapiceriatarraco.com\/wp-content\/uploads\/2025\/10\/flight-300x75.png 300w, https:\/\/tapiceriatarraco.com\/wp-content\/uploads\/2025\/10\/flight-768x191.png 768w, https:\/\/tapiceriatarraco.com\/wp-content\/uploads\/2025\/10\/flight-18x4.png 18w\" sizes=\"(max-width: 883px) 100vw, 883px\" \/>\t\t\t\t\t\t\t\t\t\t\t\t\t\t\t<\/div>\n\t\t\t\t<div class=\"elementor-element elementor-element-65937c0 elementor-widget elementor-widget-image\" data-id=\"65937c0\" data-element_type=\"widget\" data-e-type=\"widget\" data-widget_type=\"image.default\">\n\t\t\t\t\t\t\t\t\t\t\t\t\t\t\t<img decoding=\"async\" src=\"https:\/\/tapiceriatarraco.com\/wp-content\/uploads\/elementor\/thumbs\/marine-re2vk3eu5rhgokprhjk8psi2n8pr68ey8g1iocvhig.png\" title=\"marine\" alt=\"marine\" loading=\"lazy\" \/>\t\t\t\t\t\t\t\t\t\t\t\t\t\t\t<\/div>\n\t\t\t\t<\/div>\n\t\t\t\t<\/div>\n\t\t\t\t\t<\/div>\n\t\t\t\t<\/div>\n\t\t\t\t<\/div>","protected":false},"excerpt":{"rendered":"<p>Contact us Direct Contact If you would like to share details about a project or need more information, please feel free to contact us through this form or call us directly. We are happy to listen and explore how we can collaborate. \u00a0 +34 977 896 489 9:00h &#8211; 15:30h Por favor, activa JavaScript en [&hellip;]<\/p>","protected":false},"author":1,"featured_media":0,"parent":0,"menu_order":0,"comment_status":"closed","ping_status":"closed","template":"","meta":{"_uag_custom_page_level_css":"","site-sidebar-layout":"no-sidebar","site-content-layout":"page-builder","ast-site-content-layout":"full-width-container","site-content-style":"default","site-sidebar-style":"default","ast-global-header-display":"","ast-banner-title-visibility":"","ast-main-header-display":"","ast-hfb-above-header-display":"","ast-hfb-below-header-display":"","ast-hfb-mobile-header-display":"","site-post-title":"disabled","ast-breadcrumbs-content":"","ast-featured-img":"disabled","footer-sml-layout":"","ast-disable-related-posts":"","theme-transparent-header-meta":"","adv-header-id-meta":"","stick-header-meta":"","header-above-stick-meta":"","header-main-stick-meta":"","header-below-stick-meta":"","astra-migrate-meta-layouts":"set","ast-page-background-enabled":"default","ast-page-background-meta":{"desktop":{"background-color":"","background-image":"","background-repeat":"repeat","background-position":"center center","background-size":"auto","background-attachment":"scroll","background-type":"","background-media":"","overlay-type":"","overlay-color":"","overlay-opacity":"","overlay-gradient":""},"tablet":{"background-color":"","background-image":"","background-repeat":"repeat","background-position":"center center","background-size":"auto","background-attachment":"scroll","background-type":"","background-media":"","overlay-type":"","overlay-color":"","overlay-opacity":"","overlay-gradient":""},"mobile":{"background-color":"","background-image":"","background-repeat":"repeat","background-position":"center center","background-size":"auto","background-attachment":"scroll","background-type":"","background-media":"","overlay-type":"","overlay-color":"","overlay-opacity":"","overlay-gradient":""}},"ast-content-background-meta":{"desktop":{"background-color":"var(--ast-global-color-5)","background-image":"","background-repeat":"repeat","background-position":"center center","background-size":"auto","background-attachment":"scroll","background-type":"","background-media":"","overlay-type":"","overlay-color":"","overlay-opacity":"","overlay-gradient":""},"tablet":{"background-color":"var(--ast-global-color-5)","background-image":"","background-repeat":"repeat","background-position":"center center","background-size":"auto","background-attachment":"scroll","background-type":"","background-media":"","overlay-type":"","overlay-color":"","overlay-opacity":"","overlay-gradient":""},"mobile":{"background-color":"var(--ast-global-color-5)","background-image":"","background-repeat":"repeat","background-position":"center center","background-size":"auto","background-attachment":"scroll","background-type":"","background-media":"","overlay-type":"","overlay-color":"","overlay-opacity":"","overlay-gradient":""}},"footnotes":""},"class_list":["post-3411","page","type-page","status-publish","hentry"],"aioseo_notices":[],"uagb_featured_image_src":{"full":false,"thumbnail":false,"medium":false,"medium_large":false,"large":false,"1536x1536":false,"2048x2048":false,"trp-custom-language-flag":false},"uagb_author_info":{"display_name":"tapiceria.tarraco@gmail.com","author_link":"https:\/\/tapiceriatarraco.com\/es\/author\/tapiceria-tarracogmail-com\/"},"uagb_comment_info":0,"uagb_excerpt":"Contact us Direct Contact If you would like to share details about a project or need more information, please feel free to contact us through this form or call us directly. We are happy to listen and explore how we can collaborate. \u00a0 +34 977 896 489 9:00h &#8211; 15:30h Por favor, activa JavaScript en&hellip;","_links":{"self":[{"href":"https:\/\/tapiceriatarraco.com\/es\/wp-json\/wp\/v2\/pages\/3411","targetHints":{"allow":["GET"]}}],"collection":[{"href":"https:\/\/tapiceriatarraco.com\/es\/wp-json\/wp\/v2\/pages"}],"about":[{"href":"https:\/\/tapiceriatarraco.com\/es\/wp-json\/wp\/v2\/types\/page"}],"author":[{"embeddable":true,"href":"https:\/\/tapiceriatarraco.com\/es\/wp-json\/wp\/v2\/users\/1"}],"replies":[{"embeddable":true,"href":"https:\/\/tapiceriatarraco.com\/es\/wp-json\/wp\/v2\/comments?post=3411"}],"version-history":[{"count":19,"href":"https:\/\/tapiceriatarraco.com\/es\/wp-json\/wp\/v2\/pages\/3411\/revisions"}],"predecessor-version":[{"id":3562,"href":"https:\/\/tapiceriatarraco.com\/es\/wp-json\/wp\/v2\/pages\/3411\/revisions\/3562"}],"wp:attachment":[{"href":"https:\/\/tapiceriatarraco.com\/es\/wp-json\/wp\/v2\/media?parent=3411"}],"curies":[{"name":"wp","href":"https:\/\/api.w.org\/{rel}","templated":true}]}}