{"id":3426,"date":"2025-08-21T10:43:58","date_gmt":"2025-08-21T10:43:58","guid":{"rendered":"https:\/\/tapiceriatarraco.com\/?page_id=3426"},"modified":"2026-04-02T12:56:11","modified_gmt":"2026-04-02T12:56:11","slug":"about-us","status":"publish","type":"page","link":"https:\/\/tapiceriatarraco.com\/es\/about-us\/","title":{"rendered":"SOBRE NOSOTROS"},"content":{"rendered":"<div data-elementor-type=\"wp-page\" data-elementor-id=\"3426\" class=\"elementor elementor-3426\">\n\t\t\t\t<div class=\"elementor-element elementor-element-77ba4c6 e-flex e-con-boxed e-con e-parent\" data-id=\"77ba4c6\" data-element_type=\"container\" data-e-type=\"container\">\n\t\t\t\t\t<div class=\"e-con-inner\">\n\t\t\t\t<div class=\"elementor-element elementor-element-cdf7b21 elementor-widget elementor-widget-heading\" data-id=\"cdf7b21\" data-element_type=\"widget\" data-e-type=\"widget\" data-widget_type=\"heading.default\">\n\t\t\t\t\t<h2 class=\"elementor-heading-title elementor-size-default\">Sobre nosotros<\/h2>\t\t\t\t<\/div>\n\t\t\t\t\t<\/div>\n\t\t\t\t<\/div>\n\t\t<div class=\"elementor-element elementor-element-c5209f3 e-flex e-con-boxed e-con e-parent\" data-id=\"c5209f3\" data-element_type=\"container\" data-e-type=\"container\" data-settings=\"{&quot;background_background&quot;:&quot;classic&quot;}\">\n\t\t\t\t\t<div class=\"e-con-inner\">\n\t\t<div class=\"elementor-element elementor-element-4c61065 e-grid e-con-full e-con e-child\" data-id=\"4c61065\" data-element_type=\"container\" data-e-type=\"container\">\n\t\t\t\t<div class=\"elementor-element elementor-element-1b296c0 elementor-widget elementor-widget-heading\" data-id=\"1b296c0\" data-element_type=\"widget\" data-e-type=\"widget\" data-widget_type=\"heading.default\">\n\t\t\t\t\t<h2 class=\"elementor-heading-title elementor-size-default\">\u00b7 Una tradici\u00f3n familiar transmitida a lo largo de cuatro generaciones \u00b7<\/h2>\t\t\t\t<\/div>\n\t\t\t\t<div class=\"elementor-element elementor-element-ed8b187 elementor-hidden-tablet elementor-hidden-mobile elementor-widget elementor-widget-text-editor\" data-id=\"ed8b187\" data-element_type=\"widget\" data-e-type=\"widget\" data-widget_type=\"text-editor.default\">\n\t\t\t\t\t\t\t\t\t<p data-start=\"32\" data-end=\"296\">\u201cOfrecemos tapicer\u00eda de alta calidad y atenci\u00f3n al detalle para mega yates, jets privados y veh\u00edculos de lujo \u2014 combinando la maestr\u00eda artesanal con t\u00e9cnicas modernas.\u201d<\/p>\t\t\t\t\t\t\t\t<\/div>\n\t\t\t\t<div class=\"elementor-element elementor-element-528e20c elementor-hidden-desktop elementor-widget elementor-widget-text-editor\" data-id=\"528e20c\" data-element_type=\"widget\" data-e-type=\"widget\" data-widget_type=\"text-editor.default\">\n\t\t\t\t\t\t\t\t\t<p data-start=\"32\" data-end=\"296\">\u201cOfrecemos tapicer\u00eda de alta calidad y atenci\u00f3n al detalle para mega yates, jets privados y veh\u00edculos de lujo \u2014 combinando la maestr\u00eda artesanal con t\u00e9cnicas modernas.\u201d<\/p>\t\t\t\t\t\t\t\t<\/div>\n\t\t\t\t<\/div>\n\t\t\t\t\t<\/div>\n\t\t\t\t<\/div>\n\t\t<div class=\"elementor-element elementor-element-69187e3 e-flex e-con-boxed e-con e-parent\" data-id=\"69187e3\" data-element_type=\"container\" data-e-type=\"container\" data-settings=\"{&quot;background_background&quot;:&quot;classic&quot;}\">\n\t\t\t\t\t<div class=\"e-con-inner\">\n\t\t<div class=\"elementor-element elementor-element-e2f0349 e-con-full e-flex e-con e-child\" data-id=\"e2f0349\" data-element_type=\"container\" data-e-type=\"container\">\n\t\t\t\t<div class=\"elementor-element elementor-element-d1cd8a6 elementor-widget elementor-widget-heading\" data-id=\"d1cd8a6\" data-element_type=\"widget\" data-e-type=\"widget\" data-widget_type=\"heading.default\">\n\t\t\t\t\t<h2 class=\"elementor-heading-title elementor-size-default\">Nuestra Historia<\/h2>\t\t\t\t<\/div>\n\t\t\t\t<div class=\"elementor-element elementor-element-45078a7 elementor-widget elementor-widget-text-editor\" data-id=\"45078a7\" data-element_type=\"widget\" data-e-type=\"widget\" data-widget_type=\"text-editor.default\">\n\t\t\t\t\t\t\t\t\t<p data-start=\"159\" data-end=\"502\"><span style=\"font-style: inherit; font-weight: inherit;\">Tapicer\u00eda Tarraco remonta sus or\u00edgenes a finales del siglo XIX, cuando una familia vasca emigr\u00f3 a Chile y fund\u00f3 un taller de tapicer\u00eda en Valpara\u00edso y Arica. A mediados del siglo XX, se hab\u00eda convertido en un referente regional, especializado en asientos para veh\u00edculos Citro\u00ebn y Peugeot.<\/span><\/p>\n<p data-start=\"504\" data-end=\"773\">Generaci\u00f3n tras generaci\u00f3n, hemos mantenido vivos los mismos valores: la atenci\u00f3n al detalle, el uso de materiales de primera calidad y la verdadera dedicaci\u00f3n en cada proyecto. Hoy en d\u00eda, combinamos esa herencia artesanal con procesos modernos para ofrecer soluciones de tapicer\u00eda totalmente personalizadas.<\/p>\n<p data-start=\"775\" data-end=\"978\">Nuestra experiencia ahora se extiende a interiores de yates de lujo y aviaci\u00f3n privada \u2014dise\u00f1ando y creando espacios para mega yates y jets privados, donde cada puntada refleja exclusividad, confort y precisi\u00f3n.<\/p>\n<p data-start=\"980\" data-end=\"1119\">En Tapicer\u00eda Tarraco, cada proyecto es m\u00e1s que un trabajo: es otro cap\u00edtulo en una historia construida sobre tradici\u00f3n, innovaci\u00f3n y aut\u00e9ntica pasi\u00f3n.<\/p>\t\t\t\t\t\t\t\t<\/div>\n\t\t\t\t<\/div>\n\t\t<div class=\"elementor-element elementor-element-12fc193 e-con-full e-flex e-con e-child\" data-id=\"12fc193\" data-element_type=\"container\" data-e-type=\"container\">\n\t\t\t\t<div class=\"elementor-element elementor-element-467281d elementor-widget elementor-widget-image\" data-id=\"467281d\" data-element_type=\"widget\" data-e-type=\"widget\" data-widget_type=\"image.default\">\n\t\t\t\t\t\t\t\t\t\t\t\t\t\t\t<img fetchpriority=\"high\" decoding=\"async\" width=\"1024\" height=\"639\" src=\"https:\/\/tapiceriatarraco.com\/wp-content\/uploads\/2025\/08\/antigua-1024x639.png\" class=\"attachment-large size-large wp-image-3447\" alt=\"\" srcset=\"https:\/\/tapiceriatarraco.com\/wp-content\/uploads\/2025\/08\/antigua-1024x639.png 1024w, https:\/\/tapiceriatarraco.com\/wp-content\/uploads\/2025\/08\/antigua-300x187.png 300w, https:\/\/tapiceriatarraco.com\/wp-content\/uploads\/2025\/08\/antigua-768x479.png 768w, https:\/\/tapiceriatarraco.com\/wp-content\/uploads\/2025\/08\/antigua.png 1363w\" sizes=\"(max-width: 1024px) 100vw, 1024px\" \/>\t\t\t\t\t\t\t\t\t\t\t\t\t\t\t<\/div>\n\t\t\t\t<\/div>\n\t\t\t\t\t<\/div>\n\t\t\t\t<\/div>\n\t\t<div class=\"elementor-element elementor-element-fa75cbd e-flex e-con-boxed e-con e-parent\" data-id=\"fa75cbd\" data-element_type=\"container\" data-e-type=\"container\">\n\t\t\t\t\t<div class=\"e-con-inner\">\n\t\t\t\t<div class=\"elementor-element elementor-element-262344d elementor-widget elementor-widget-text-editor\" data-id=\"262344d\" data-element_type=\"widget\" data-e-type=\"widget\" data-widget_type=\"text-editor.default\">\n\t\t\t\t\t\t\t\t\t<p><em>\u201cYa sea un coche cl\u00e1sico, un mega yate o un jet privado, tratamos cada proyecto como una obra maestra en proceso de creaci\u00f3n.\u201d<\/em><\/p>\t\t\t\t\t\t\t\t<\/div>\n\t\t\t\t\t<\/div>\n\t\t\t\t<\/div>\n\t\t<div class=\"elementor-element elementor-element-557d272 e-flex e-con-boxed e-con e-parent\" data-id=\"557d272\" data-element_type=\"container\" data-e-type=\"container\">\n\t\t\t\t\t<div class=\"e-con-inner\">\n\t\t<div class=\"elementor-element elementor-element-68023fe e-grid e-con-full e-con e-child\" data-id=\"68023fe\" data-element_type=\"container\" data-e-type=\"container\">\n\t\t\t\t<div class=\"elementor-element elementor-element-068d66e elementor-widget elementor-widget-image\" data-id=\"068d66e\" data-element_type=\"widget\" data-e-type=\"widget\" data-widget_type=\"image.default\">\n\t\t\t\t\t\t\t\t\t\t\t\t\t\t\t<img decoding=\"async\" src=\"https:\/\/tapiceriatarraco.com\/wp-content\/uploads\/elementor\/thumbs\/2-1-ra9b2tjpg1hjtqk8zqrr4zfibohdupsb3rtkzp3o7s.jpg\" title=\"2\" alt=\"2\" loading=\"lazy\" \/>\t\t\t\t\t\t\t\t\t\t\t\t\t\t\t<\/div>\n\t\t\t\t<div class=\"elementor-element elementor-element-2e2f7ac elementor-widget elementor-widget-image\" data-id=\"2e2f7ac\" data-element_type=\"widget\" data-e-type=\"widget\" data-widget_type=\"image.default\">\n\t\t\t\t\t\t\t\t\t\t\t\t\t\t\t<img decoding=\"async\" src=\"https:\/\/tapiceriatarraco.com\/wp-content\/uploads\/elementor\/thumbs\/4-ra9b868md2tbxsscqk29u4t03o3moo1a69k4df5ys8.jpg\" title=\"4\" alt=\"4\" loading=\"lazy\" \/>\t\t\t\t\t\t\t\t\t\t\t\t\t\t\t<\/div>\n\t\t\t\t<div class=\"elementor-element elementor-element-fa84191 elementor-widget elementor-widget-image\" data-id=\"fa84191\" data-element_type=\"widget\" data-e-type=\"widget\" data-widget_type=\"image.default\">\n\t\t\t\t\t\t\t\t\t\t\t\t\t\t\t<img decoding=\"async\" src=\"https:\/\/tapiceriatarraco.com\/wp-content\/uploads\/elementor\/thumbs\/1.2-ra9bba3eyd2gbe9vleevkukusisb4ndc9n6whck47s.jpg\" title=\"1.2\" alt=\"1.2\" loading=\"lazy\" \/>\t\t\t\t\t\t\t\t\t\t\t\t\t\t\t<\/div>\n\t\t\t\t<div class=\"elementor-element elementor-element-60b5cf3 elementor-widget elementor-widget-image\" data-id=\"60b5cf3\" data-element_type=\"widget\" data-e-type=\"widget\" data-widget_type=\"image.default\">\n\t\t\t\t\t\t\t\t\t\t\t\t\t\t\t<img decoding=\"async\" width=\"472\" height=\"462\" src=\"https:\/\/tapiceriatarraco.com\/wp-content\/uploads\/2025\/08\/3.png\" class=\"attachment-medium_large size-medium_large wp-image-3435\" alt=\"\" srcset=\"https:\/\/tapiceriatarraco.com\/wp-content\/uploads\/2025\/08\/3.png 472w, https:\/\/tapiceriatarraco.com\/wp-content\/uploads\/2025\/08\/3-300x294.png 300w\" sizes=\"(max-width: 472px) 100vw, 472px\" \/>\t\t\t\t\t\t\t\t\t\t\t\t\t\t\t<\/div>\n\t\t\t\t<\/div>\n\t\t\t\t\t<\/div>\n\t\t\t\t<\/div>\n\t\t<div class=\"elementor-element elementor-element-572e256 e-flex e-con-boxed e-con e-parent\" data-id=\"572e256\" data-element_type=\"container\" data-e-type=\"container\">\n\t\t\t\t\t<div class=\"e-con-inner\">\n\t\t\t\t<div class=\"elementor-element elementor-element-29e92a4 elementor-align-center elementor-widget elementor-widget-button\" data-id=\"29e92a4\" data-element_type=\"widget\" data-e-type=\"widget\" data-widget_type=\"button.default\">\n\t\t\t\t\t\t\t\t\t\t<a class=\"elementor-button elementor-button-link elementor-size-sm\" href=\"https:\/\/tapiceriatarraco.com\/es\/contact-us\/\">\n\t\t\t\t\t\t<span class=\"elementor-button-content-wrapper\">\n\t\t\t\t\t\t\t\t\t<span class=\"elementor-button-text\">Cont\u00e1ctanos<\/span>\n\t\t\t\t\t<\/span>\n\t\t\t\t\t<\/a>\n\t\t\t\t\t\t\t\t<\/div>\n\t\t\t\t\t<\/div>\n\t\t\t\t<\/div>\n\t\t\t\t<\/div>","protected":false},"excerpt":{"rendered":"<p>About us \u00b7 A Family Tradition Passed Down Through Four Generations \u00b7 &#8220;We deliver high-quality, detail-driven upholstery for mega yachts, private jets, and luxury vehicles \u2014 combining expert craftsmanship with modern techniques.&#8221; &#8220;We deliver high-quality, detail-driven upholstery for mega yachts, private jets, and luxury vehicles \u2014 combining expert craftsmanship with modern techniques.&#8221; Our History Tapicer\u00eda [&hellip;]<\/p>","protected":false},"author":1,"featured_media":0,"parent":0,"menu_order":0,"comment_status":"closed","ping_status":"closed","template":"","meta":{"_uag_custom_page_level_css":"","site-sidebar-layout":"no-sidebar","site-content-layout":"page-builder","ast-site-content-layout":"full-width-container","site-content-style":"default","site-sidebar-style":"default","ast-global-header-display":"","ast-banner-title-visibility":"","ast-main-header-display":"","ast-hfb-above-header-display":"","ast-hfb-below-header-display":"","ast-hfb-mobile-header-display":"","site-post-title":"disabled","ast-breadcrumbs-content":"","ast-featured-img":"disabled","footer-sml-layout":"","ast-disable-related-posts":"","theme-transparent-header-meta":"","adv-header-id-meta":"","stick-header-meta":"","header-above-stick-meta":"","header-main-stick-meta":"","header-below-stick-meta":"","astra-migrate-meta-layouts":"set","ast-page-background-enabled":"default","ast-page-background-meta":{"desktop":{"background-color":"","background-image":"","background-repeat":"repeat","background-position":"center center","background-size":"auto","background-attachment":"scroll","background-type":"","background-media":"","overlay-type":"","overlay-color":"","overlay-opacity":"","overlay-gradient":""},"tablet":{"background-color":"","background-image":"","background-repeat":"repeat","background-position":"center center","background-size":"auto","background-attachment":"scroll","background-type":"","background-media":"","overlay-type":"","overlay-color":"","overlay-opacity":"","overlay-gradient":""},"mobile":{"background-color":"","background-image":"","background-repeat":"repeat","background-position":"center center","background-size":"auto","background-attachment":"scroll","background-type":"","background-media":"","overlay-type":"","overlay-color":"","overlay-opacity":"","overlay-gradient":""}},"ast-content-background-meta":{"desktop":{"background-color":"var(--ast-global-color-5)","background-image":"","background-repeat":"repeat","background-position":"center center","background-size":"auto","background-attachment":"scroll","background-type":"","background-media":"","overlay-type":"","overlay-color":"","overlay-opacity":"","overlay-gradient":""},"tablet":{"background-color":"var(--ast-global-color-5)","background-image":"","background-repeat":"repeat","background-position":"center center","background-size":"auto","background-attachment":"scroll","background-type":"","background-media":"","overlay-type":"","overlay-color":"","overlay-opacity":"","overlay-gradient":""},"mobile":{"background-color":"var(--ast-global-color-5)","background-image":"","background-repeat":"repeat","background-position":"center center","background-size":"auto","background-attachment":"scroll","background-type":"","background-media":"","overlay-type":"","overlay-color":"","overlay-opacity":"","overlay-gradient":""}},"footnotes":""},"class_list":["post-3426","page","type-page","status-publish","hentry"],"aioseo_notices":[],"uagb_featured_image_src":{"full":false,"thumbnail":false,"medium":false,"medium_large":false,"large":false,"1536x1536":false,"2048x2048":false,"trp-custom-language-flag":false},"uagb_author_info":{"display_name":"tapiceria.tarraco@gmail.com","author_link":"https:\/\/tapiceriatarraco.com\/es\/author\/tapiceria-tarracogmail-com\/"},"uagb_comment_info":0,"uagb_excerpt":"About us \u00b7 A Family Tradition Passed Down Through Four Generations \u00b7 &#8220;We deliver high-quality, detail-driven upholstery for mega yachts, private jets, and luxury vehicles \u2014 combining expert craftsmanship with modern techniques.&#8221; &#8220;We deliver high-quality, detail-driven upholstery for mega yachts, private jets, and luxury vehicles \u2014 combining expert craftsmanship with modern techniques.&#8221; Our History Tapicer\u00eda&hellip;","_links":{"self":[{"href":"https:\/\/tapiceriatarraco.com\/es\/wp-json\/wp\/v2\/pages\/3426","targetHints":{"allow":["GET"]}}],"collection":[{"href":"https:\/\/tapiceriatarraco.com\/es\/wp-json\/wp\/v2\/pages"}],"about":[{"href":"https:\/\/tapiceriatarraco.com\/es\/wp-json\/wp\/v2\/types\/page"}],"author":[{"embeddable":true,"href":"https:\/\/tapiceriatarraco.com\/es\/wp-json\/wp\/v2\/users\/1"}],"replies":[{"embeddable":true,"href":"https:\/\/tapiceriatarraco.com\/es\/wp-json\/wp\/v2\/comments?post=3426"}],"version-history":[{"count":17,"href":"https:\/\/tapiceriatarraco.com\/es\/wp-json\/wp\/v2\/pages\/3426\/revisions"}],"predecessor-version":[{"id":3565,"href":"https:\/\/tapiceriatarraco.com\/es\/wp-json\/wp\/v2\/pages\/3426\/revisions\/3565"}],"wp:attachment":[{"href":"https:\/\/tapiceriatarraco.com\/es\/wp-json\/wp\/v2\/media?parent=3426"}],"curies":[{"name":"wp","href":"https:\/\/api.w.org\/{rel}","templated":true}]}}